{"id":15,"date":"2020-12-13T11:27:48","date_gmt":"2020-12-13T10:27:48","guid":{"rendered":"http:\/\/www.sniegucki.pl\/?page_id=15"},"modified":"2020-12-29T22:26:57","modified_gmt":"2020-12-29T21:26:57","slug":"kancelaria","status":"publish","type":"page","link":"https:\/\/www.sniegucki.pl\/","title":{"rendered":"Kancelaria"},"content":{"rendered":"<p>[et_pb_section fb_built=&#8221;1&#8243; fullwidth=&#8221;on&#8221; admin_label=&#8221;Hero Section&#8221; _builder_version=&#8221;3.22&#8243; background_image=&#8221;http:\/\/www.sniegucki.pl\/wp-content\/uploads\/2020\/12\/law-firm-18.jpg&#8221; parallax=&#8221;on&#8221; animation_style=&#8221;fade&#8221; animation_starting_opacity=&#8221;87%&#8221;][et_pb_fullwidth_header title=&#8221;Kancelaria Adwokacka Marek \u015aniegucki&#8221; text_orientation=&#8221;center&#8221; header_fullscreen=&#8221;on&#8221; background_overlay_color=&#8221;rgba(49,62,71,0.8)&#8221; title_font_color=&#8221;#ffffff&#8221; subhead_font_color=&#8221;#ffffff&#8221; admin_label=&#8221;Hero Area&#8221; _builder_version=&#8221;4.7.6&#8243; title_font=&#8221;Prata||||||||&#8221; title_text_color=&#8221;#ffffff&#8221; title_font_size=&#8221;80px&#8221; title_line_height=&#8221;1.6em&#8221; content_font=&#8221;||||||||&#8221; subhead_font=&#8221;|700|||||||&#8221; subhead_text_color=&#8221;#ffffff&#8221; subhead_letter_spacing=&#8221;4px&#8221; subhead_line_height=&#8221;3em&#8221; background_color=&#8221;rgba(255, 255, 255, 0)&#8221; background_position=&#8221;top_left&#8221; background_repeat=&#8221;repeat&#8221; custom_button_one=&#8221;on&#8221; button_one_text_size=&#8221;13px&#8221; button_one_text_color=&#8221;rgba(0,0,0,0.8)&#8221; button_one_bg_color=&#8221;#ffba60&#8243; button_one_border_width=&#8221;12px&#8221; button_one_border_color=&#8221;#ffba60&#8243; button_one_border_radius=&#8221;0px&#8221; button_one_letter_spacing=&#8221;4px&#8221; button_one_font=&#8221;|700||on|||||&#8221; button_one_icon=&#8221;%%3%%&#8221; background_layout=&#8221;light&#8221; title_font_size_tablet=&#8221;40px&#8221; title_font_size_phone=&#8221;&#8221; title_font_size_last_edited=&#8221;on|tablet&#8221; border_color_all=&#8221;rgba(31,40,48,0.94)&#8221; border_width_left=&#8221;10vw&#8221; button_one_border_radius_hover=&#8221;0px&#8221; button_one_letter_spacing_hover=&#8221;4px&#8221; button_one_text_size__hover_enabled=&#8221;off&#8221; button_two_text_size__hover_enabled=&#8221;off&#8221; button_one_text_color__hover_enabled=&#8221;off&#8221; button_two_text_color__hover_enabled=&#8221;off&#8221; button_one_border_width__hover_enabled=&#8221;off&#8221; button_two_border_width__hover_enabled=&#8221;off&#8221; button_one_border_color__hover_enabled=&#8221;off&#8221; button_two_border_color__hover_enabled=&#8221;off&#8221; button_one_border_radius__hover_enabled=&#8221;on&#8221; button_one_border_radius__hover=&#8221;0px&#8221; button_two_border_radius__hover_enabled=&#8221;off&#8221; button_one_letter_spacing__hover_enabled=&#8221;on&#8221; button_one_letter_spacing__hover=&#8221;4px&#8221; button_two_letter_spacing__hover_enabled=&#8221;off&#8221; button_one_bg_color__hover_enabled=&#8221;off&#8221; button_two_bg_color__hover_enabled=&#8221;off&#8221;][\/et_pb_fullwidth_header][\/et_pb_section][et_pb_section fb_built=&#8221;1&#8243; admin_label=&#8221;Welcome Section&#8221; _builder_version=&#8221;3.22&#8243; background_color=&#8221;#f7f7f7&#8243; custom_margin=&#8221;|||&#8221; custom_padding=&#8221;110px||110px|&#8221; border_color_all=&#8221;#ffba60&#8243; border_width_right=&#8221;8vw&#8221;][et_pb_row admin_label=&#8221;Welcome Area&#8221; _builder_version=&#8221;3.25&#8243;][et_pb_column type=&#8221;4_4&#8243; _builder_version=&#8221;3.25&#8243; custom_padding=&#8221;|||&#8221; custom_padding__hover=&#8221;|||&#8221;][et_pb_text admin_label=&#8221;Title&#8221; _builder_version=&#8221;3.27.4&#8243; text_font=&#8221;||||||||&#8221; header_font=&#8221;||||||||&#8221; header_2_font=&#8221;Prata||||||||&#8221; header_2_text_align=&#8221;center&#8221; header_2_font_size=&#8221;48px&#8221; header_2_line_height=&#8221;1.6em&#8221; custom_margin=&#8221;||10px|&#8221; custom_padding=&#8221;|||&#8221; animation_style=&#8221;fade&#8221; header_2_font_size_tablet=&#8221;40px&#8221; header_2_font_size_phone=&#8221;&#8221; header_2_font_size_last_edited=&#8221;on|tablet&#8221;]<\/p>\n<h2>Dr Marek \u015aniegucki<\/h2>\n<p>[\/et_pb_text][et_pb_divider color=&#8221;#ffa40d&#8221; divider_position=&#8221;center&#8221; divider_weight=&#8221;3px&#8221; _builder_version=&#8221;3.2&#8243; max_width=&#8221;70px&#8221; module_alignment=&#8221;center&#8221; animation_style=&#8221;slide&#8221; animation_direction=&#8221;top&#8221; animation_intensity_slide=&#8221;10%&#8221; animation_starting_opacity=&#8221;100%&#8221;][\/et_pb_divider][\/et_pb_column][\/et_pb_row][et_pb_row column_structure=&#8221;2_3,1_3&#8243; admin_label=&#8221;Welcome Area&#8221; _builder_version=&#8221;3.25&#8243; custom_margin=&#8221;|||&#8221;][et_pb_column type=&#8221;2_3&#8243; _builder_version=&#8221;3.25&#8243; custom_padding=&#8221;|||&#8221; custom_padding__hover=&#8221;|||&#8221;][et_pb_image src=&#8221;http:\/\/www.sniegucki.pl\/wp-content\/uploads\/2020\/12\/law-firm-07.jpg&#8221; title_text=&#8221;law-firm-07&#8243; show_bottom_space=&#8221;off&#8221; force_fullwidth=&#8221;on&#8221; align_tablet=&#8221;center&#8221; align_phone=&#8221;&#8221; align_last_edited=&#8221;on|desktop&#8221; _builder_version=&#8221;4.7.6&#8243; custom_margin=&#8221;|||&#8221; animation_style=&#8221;slide&#8221; animation_direction=&#8221;left&#8221; animation_intensity_slide=&#8221;2%&#8221; border_width_all=&#8221;30px&#8221; border_color_all=&#8221;#ffffff&#8221; box_shadow_style=&#8221;preset2&#8243; box_shadow_horizontal=&#8221;0px&#8221; box_shadow_vertical=&#8221;15px&#8221; box_shadow_blur=&#8221;60px&#8221; box_shadow_color=&#8221;rgba(29,61,71,0.2)&#8221;][\/et_pb_image][\/et_pb_column][et_pb_column type=&#8221;1_3&#8243; _builder_version=&#8221;3.25&#8243; custom_padding=&#8221;40px||40px|&#8221; custom_padding__hover=&#8221;|||&#8221;][et_pb_text _builder_version=&#8221;4.7.6&#8243; text_font=&#8221;||||||||&#8221; text_font_size=&#8221;16px&#8221; text_line_height=&#8221;2em&#8221; header_font=&#8221;||||||||&#8221; animation_style=&#8221;fold&#8221; animation_direction=&#8221;left&#8221; animation_intensity_fold=&#8221;5%&#8221; animation_starting_opacity=&#8221;100%&#8221;]<\/p>\n<p>Dr Marek \u015aniegucki jest zar\u00f3wno adwokatem, jak i radc\u0105 prawnym. Zaw\u00f3d radcy prawnego wykonywa\u0142 czynnie od 1984 r. do 2010 r. Obecnie wykonuje zaw\u00f3d adwokata. Przez blisko 17 lat by\u0142 pracownikiem naukowo-dydaktycznym w Katedrze Prawa Gospodarczego Publicznego na Wydziale Prawa i Administracji Uniwersytetu \u0141\u00f3dzkiego.\u00a0<\/p>\n<p>[\/et_pb_text][\/et_pb_column][\/et_pb_row][\/et_pb_section][et_pb_section fb_built=&#8221;1&#8243; admin_label=&#8221;Practice Section&#8221; _builder_version=&#8221;3.22&#8243; custom_padding=&#8221;110px||110px|&#8221;][et_pb_row admin_label=&#8221;Practice Area&#8221; _builder_version=&#8221;3.25&#8243; locked=&#8221;off&#8221;][et_pb_column type=&#8221;4_4&#8243; _builder_version=&#8221;3.25&#8243; custom_padding=&#8221;|||&#8221; custom_padding__hover=&#8221;|||&#8221;][et_pb_text admin_label=&#8221;Title&#8221; _builder_version=&#8221;4.7.6&#8243; text_font=&#8221;||||||||&#8221; header_font=&#8221;||||||||&#8221; header_2_font=&#8221;Prata||||||||&#8221; header_2_text_align=&#8221;center&#8221; header_2_font_size=&#8221;48px&#8221; header_2_line_height=&#8221;1.6em&#8221; custom_margin=&#8221;||10px|&#8221; custom_padding=&#8221;|||&#8221; animation_style=&#8221;fade&#8221; header_2_font_size_tablet=&#8221;40px&#8221; header_2_font_size_phone=&#8221;&#8221; header_2_font_size_last_edited=&#8221;on|tablet&#8221;]<\/p>\n<h2 style=\"text-align: center;\">Kancelaria Adwokacka Marka \u015anieguckiego specjalizuje si\u0119 w szeroko poj\u0119tym<\/h2>\n<p>[\/et_pb_text][et_pb_divider color=&#8221;#ffa40d&#8221; divider_position=&#8221;center&#8221; divider_weight=&#8221;3px&#8221; _builder_version=&#8221;3.2&#8243; max_width=&#8221;70px&#8221; module_alignment=&#8221;center&#8221; animation_style=&#8221;slide&#8221; animation_direction=&#8221;top&#8221; animation_intensity_slide=&#8221;10%&#8221; animation_starting_opacity=&#8221;100%&#8221;][\/et_pb_divider][\/et_pb_column][\/et_pb_row][et_pb_row column_structure=&#8221;1_3,1_3,1_3&#8243; admin_label=&#8221;Practice Area&#8221; _builder_version=&#8221;3.25&#8243; max_width=&#8221;1280px&#8221; use_custom_width=&#8221;on&#8221; custom_width_px=&#8221;1280px&#8221;][et_pb_column type=&#8221;1_3&#8243; _builder_version=&#8221;3.25&#8243; custom_padding=&#8221;|||&#8221; custom_padding__hover=&#8221;|||&#8221;][et_pb_image src=&#8221;http:\/\/www.sniegucki.pl\/wp-content\/uploads\/2020\/12\/law-firm-06.jpg&#8221; show_bottom_space=&#8221;off&#8221; force_fullwidth=&#8221;on&#8221; align_tablet=&#8221;center&#8221; align_phone=&#8221;&#8221; align_last_edited=&#8221;on|desktop&#8221; _builder_version=&#8221;3.23&#8243; custom_margin=&#8221;||30px|&#8221; animation_style=&#8221;zoom&#8221; animation_direction=&#8221;top&#8221; animation_intensity_zoom=&#8221;2%&#8221; box_shadow_style=&#8221;preset1&#8243; box_shadow_vertical=&#8221;15px&#8221; box_shadow_blur=&#8221;60px&#8221; box_shadow_color=&#8221;rgba(29,61,71,0.2)&#8221;][\/et_pb_image][et_pb_text _builder_version=&#8221;3.27.4&#8243; text_font=&#8221;||||||||&#8221; text_font_size=&#8221;16px&#8221; text_line_height=&#8221;2em&#8221; link_font=&#8221;||||||||&#8221; link_text_color=&#8221;#ffba60&#8243; header_font=&#8221;||||||||&#8221; header_4_font=&#8221;Roboto Slab||||||||&#8221; header_4_font_size=&#8221;22px&#8221; header_4_line_height=&#8221;1.8em&#8221; module_alignment=&#8221;center&#8221; animation_style=&#8221;fade&#8221;]<\/p>\n<h4>prawie gospodarczym<br \/> prawie sp\u00f3\u0142ek<\/h4>\n<p>&nbsp;<\/p>\n<p>[\/et_pb_text][\/et_pb_column][et_pb_column type=&#8221;1_3&#8243; _builder_version=&#8221;3.25&#8243; custom_padding=&#8221;|||&#8221; custom_padding__hover=&#8221;|||&#8221;][et_pb_image src=&#8221;http:\/\/www.sniegucki.pl\/wp-content\/uploads\/2020\/12\/law-firm-20.jpg&#8221; show_bottom_space=&#8221;off&#8221; force_fullwidth=&#8221;on&#8221; align_tablet=&#8221;center&#8221; align_phone=&#8221;&#8221; align_last_edited=&#8221;on|desktop&#8221; _builder_version=&#8221;3.23&#8243; custom_margin=&#8221;||30px|&#8221; animation_style=&#8221;zoom&#8221; animation_direction=&#8221;top&#8221; animation_intensity_zoom=&#8221;2%&#8221; box_shadow_style=&#8221;preset1&#8243; box_shadow_vertical=&#8221;15px&#8221; box_shadow_blur=&#8221;60px&#8221; box_shadow_color=&#8221;rgba(29,61,71,0.2)&#8221; locked=&#8221;off&#8221;][\/et_pb_image][et_pb_text _builder_version=&#8221;3.27.4&#8243; text_font=&#8221;||||||||&#8221; text_font_size=&#8221;16px&#8221; text_line_height=&#8221;2em&#8221; link_font=&#8221;||||||||&#8221; link_text_color=&#8221;#ffba60&#8243; header_font=&#8221;||||||||&#8221; header_4_font=&#8221;Roboto Slab||||||||&#8221; header_4_font_size=&#8221;22px&#8221; header_4_line_height=&#8221;1.8em&#8221; module_alignment=&#8221;center&#8221; custom_padding=&#8221;||0px|||&#8221; animation_style=&#8221;fade&#8221; locked=&#8221;off&#8221;]<\/p>\n<h4>prawie cywilnym<br \/> prawie um\u00f3w handlowych<\/h4>\n<p>&nbsp;<\/p>\n<p>[\/et_pb_text][\/et_pb_column][et_pb_column type=&#8221;1_3&#8243; _builder_version=&#8221;3.25&#8243; custom_padding=&#8221;|||&#8221; custom_padding__hover=&#8221;|||&#8221;][et_pb_image src=&#8221;http:\/\/www.sniegucki.pl\/wp-content\/uploads\/2020\/12\/law-firm-07.jpg&#8221; show_bottom_space=&#8221;off&#8221; force_fullwidth=&#8221;on&#8221; align_tablet=&#8221;center&#8221; align_phone=&#8221;&#8221; align_last_edited=&#8221;on|desktop&#8221; _builder_version=&#8221;3.23&#8243; custom_margin=&#8221;||30px|&#8221; animation_style=&#8221;zoom&#8221; animation_direction=&#8221;top&#8221; animation_intensity_zoom=&#8221;2%&#8221; box_shadow_style=&#8221;preset1&#8243; box_shadow_vertical=&#8221;15px&#8221; box_shadow_blur=&#8221;60px&#8221; box_shadow_color=&#8221;rgba(29,61,71,0.2)&#8221; locked=&#8221;off&#8221;][\/et_pb_image][et_pb_text _builder_version=&#8221;3.27.4&#8243; text_font=&#8221;||||||||&#8221; text_font_size=&#8221;16px&#8221; text_line_height=&#8221;2em&#8221; link_font=&#8221;||||||||&#8221; link_text_color=&#8221;#ffba60&#8243; header_font=&#8221;||||||||&#8221; header_4_font=&#8221;Roboto Slab||||||||&#8221; header_4_font_size=&#8221;22px&#8221; header_4_line_height=&#8221;1.8em&#8221; module_alignment=&#8221;center&#8221; animation_style=&#8221;fade&#8221; locked=&#8221;off&#8221;]<\/p>\n<h4>prawie procesowym<br \/> rodzinnym i spadkowym<\/h4>\n<p>&nbsp;<\/p>\n<p>[\/et_pb_text][\/et_pb_column][\/et_pb_row][\/et_pb_section][et_pb_section fb_built=&#8221;1&#8243; admin_label=&#8221;CTA Section&#8221; _builder_version=&#8221;3.22&#8243; use_background_color_gradient=&#8221;on&#8221; background_color_gradient_start=&#8221;#313e47&#8243; background_color_gradient_end=&#8221;rgba(49,62,71,0.5)&#8221; background_color_gradient_overlays_image=&#8221;on&#8221; background_image=&#8221;http:\/\/www.sniegucki.pl\/wp-content\/uploads\/2020\/12\/law-firm-01.jpg&#8221; custom_padding=&#8221;160px|0px|160px|&#8221; border_color_all=&#8221;#26333a&#8221; border_width_left=&#8221;8vw&#8221;][et_pb_row column_structure=&#8221;2_3,1_3&#8243; use_custom_gutter=&#8221;on&#8221; gutter_width=&#8221;2&#8243; admin_label=&#8221;CTA Area&#8221; _builder_version=&#8221;3.25&#8243; custom_padding=&#8221;27px|0px|0px|0px&#8221;][et_pb_column type=&#8221;2_3&#8243; _builder_version=&#8221;3.25&#8243; custom_padding=&#8221;|||&#8221; custom_padding__hover=&#8221;|||&#8221;][et_pb_text admin_label=&#8221;Title&#8221; _builder_version=&#8221;3.27.4&#8243; text_font=&#8221;||||||||&#8221; header_font=&#8221;||||||||&#8221; header_2_font=&#8221;Prata||||||||&#8221; header_2_font_size=&#8221;48px&#8221; header_2_line_height=&#8221;1.6em&#8221; background_layout=&#8221;dark&#8221; module_alignment=&#8221;center&#8221; custom_margin=&#8221;|||&#8221; custom_padding=&#8221;|||&#8221;]<\/p>\n<h2>Kancelaria<\/h2>\n<p>[\/et_pb_text][\/et_pb_column][et_pb_column type=&#8221;1_3&#8243; _builder_version=&#8221;3.25&#8243; custom_padding=&#8221;|||&#8221; custom_padding__hover=&#8221;|||&#8221;][\/et_pb_column][\/et_pb_row][et_pb_row column_structure=&#8221;2_3,1_3&#8243; use_custom_gutter=&#8221;on&#8221; gutter_width=&#8221;2&#8243; admin_label=&#8221;CTA Area&#8221; _builder_version=&#8221;3.25&#8243; custom_padding=&#8221;0px|0px|27px|0px&#8221;][et_pb_column type=&#8221;2_3&#8243; _builder_version=&#8221;3.25&#8243; custom_padding=&#8221;|||&#8221; custom_padding__hover=&#8221;|||&#8221;][et_pb_text _builder_version=&#8221;3.27.4&#8243; text_font=&#8221;||||||||&#8221; text_font_size=&#8221;18px&#8221; text_line_height=&#8221;1.8em&#8221; background_layout=&#8221;dark&#8221; max_width=&#8221;80%&#8221; custom_padding=&#8221;||0px|||&#8221; animation_direction=&#8221;left&#8221;]<\/p>\n<p>Kancelaria Adwokacka Marka \u015anieguckiego specjalizuje si\u0119 w szeroko poj\u0119tym prawie gospodarczym, prawie sp\u00f3\u0142ek, prawie cywilnym, prawie um\u00f3w handlowych, a tak\u017ce w prawie procesowym, rodzinnym i spadkowym.<\/p>\n<p>Kancelaria \u015bwiadczy pomoc prawn\u0105 zar\u00f3wno w zakresie obs\u0142ugi przedsi\u0119biorc\u00f3w, jak i os\u00f3b fizycznych nie prowadz\u0105cych dzia\u0142alno\u015bci gospodarczej. Kancelaria zapewnia obs\u0142ug\u0119 i pomoc prawn\u0105 w j\u0119zyku polskim oraz angielskim.<\/p>\n<p>[\/et_pb_text][\/et_pb_column][et_pb_column type=&#8221;1_3&#8243; _builder_version=&#8221;3.25&#8243; custom_padding=&#8221;|||&#8221; custom_padding__hover=&#8221;|||&#8221;][\/et_pb_column][\/et_pb_row][\/et_pb_section][et_pb_section fb_built=&#8221;1&#8243; admin_label=&#8221;Latest News Section&#8221; _builder_version=&#8221;3.22&#8243; background_color=&#8221;#f7f7f7&#8243; custom_padding=&#8221;110px||140px|&#8221;][et_pb_row admin_label=&#8221;Latest News Area&#8221; _builder_version=&#8221;3.25&#8243; locked=&#8221;off&#8221;][et_pb_column type=&#8221;4_4&#8243; _builder_version=&#8221;3.25&#8243; custom_padding=&#8221;|||&#8221; custom_padding__hover=&#8221;|||&#8221;][et_pb_text admin_label=&#8221;Title&#8221; _builder_version=&#8221;3.27.4&#8243; text_font=&#8221;||||||||&#8221; header_font=&#8221;||||||||&#8221; header_2_font=&#8221;Playfair Display||||||||&#8221; header_2_text_align=&#8221;center&#8221; header_2_font_size=&#8221;48px&#8221; header_2_line_height=&#8221;1.6em&#8221; custom_margin=&#8221;||10px|&#8221; custom_padding=&#8221;|||&#8221; animation_style=&#8221;fade&#8221; header_2_font_size_tablet=&#8221;40px&#8221; header_2_font_size_phone=&#8221;&#8221; header_2_font_size_last_edited=&#8221;on|tablet&#8221;]<\/p>\n<h2>Kontakt<\/h2>\n<p>[\/et_pb_text][et_pb_divider color=&#8221;#ffa40d&#8221; divider_position=&#8221;center&#8221; divider_weight=&#8221;3px&#8221; _builder_version=&#8221;3.2&#8243; max_width=&#8221;70px&#8221; module_alignment=&#8221;center&#8221; animation_style=&#8221;slide&#8221; animation_direction=&#8221;top&#8221; animation_intensity_slide=&#8221;10%&#8221; animation_starting_opacity=&#8221;100%&#8221;][\/et_pb_divider][\/et_pb_column][\/et_pb_row][et_pb_row column_structure=&#8221;1_2,1_4,1_4&#8243; admin_label=&#8221;Latest News Area&#8221; _builder_version=&#8221;4.7.6&#8243; max_width=&#8221;1280px&#8221; custom_padding=&#8221;20px||0px|&#8221; use_custom_width=&#8221;on&#8221; custom_width_px=&#8221;1280px&#8221;][et_pb_column type=&#8221;1_2&#8243; _builder_version=&#8221;3.25&#8243; custom_padding=&#8221;|||&#8221; custom_padding__hover=&#8221;|||&#8221;][et_pb_text _builder_version=&#8221;4.7.6&#8243; _module_preset=&#8221;default&#8221;]<\/p>\n<p><strong>Kancelaria Adwokacka Marka \u015anieguckiego<br \/><\/strong><span style=\"font-size: 14px;\">ul. Andrzeja Struga 16, 90-513 \u0141\u00f3d\u017a<\/span><\/p>\n<p>tel. 42 637 57 13<br \/>tel. 42 637 09 51<\/p>\n<p>[\/et_pb_text][\/et_pb_column][et_pb_column type=&#8221;1_4&#8243; _builder_version=&#8221;3.25&#8243; custom_padding=&#8221;|||&#8221; custom_padding__hover=&#8221;|||&#8221;][et_pb_text _builder_version=&#8221;4.7.6&#8243; _module_preset=&#8221;default&#8221;]<\/p>\n<p style=\"text-align: left;\">Godziny otwarcia Kancelarii:<br \/> <strong style=\"font-size: 14px;\">Poniedzia\u0142ek &#8211; pi\u0105tek<br \/> <\/strong><strong style=\"font-size: 14px;\">9:00 &#8211; 17:00<\/strong><\/p>\n<p>[\/et_pb_text][\/et_pb_column][et_pb_column type=&#8221;1_4&#8243; _builder_version=&#8221;3.25&#8243; custom_padding=&#8221;|||&#8221; custom_padding__hover=&#8221;|||&#8221;][et_pb_text _builder_version=&#8221;4.7.6&#8243; _module_preset=&#8221;default&#8221;]<\/p>\n<p style=\"text-align: left;\"><strong>e-mail:<br \/> <\/strong><span style=\"font-size: 14px;\">mareksniegucki@post.pl<\/span><\/p>\n<p>[\/et_pb_text][\/et_pb_column][\/et_pb_row][\/et_pb_section]<\/p>\n","protected":false},"excerpt":{"rendered":"<p>Dr Marek \u015anieguckiDr Marek \u015aniegucki jest zar\u00f3wno adwokatem, jak i radc\u0105 prawnym. Zaw\u00f3d radcy prawnego wykonywa\u0142 czynnie od 1984 r. do 2010 r. Obecnie wykonuje zaw\u00f3d adwokata. Przez blisko 17 lat by\u0142 pracownikiem naukowo-dydaktycznym w Katedrze Prawa Gospodarczego Publicznego na Wydziale Prawa i Administracji Uniwersytetu \u0141\u00f3dzkiego.\u00a0Kancelaria Adwokacka Marka \u015anieguckiego specjalizuje si\u0119 w szeroko poj\u0119tymprawie gospodarczym [&hellip;]<\/p>\n","protected":false},"author":1,"featured_media":0,"parent":0,"menu_order":0,"comment_status":"closed","ping_status":"closed","template":"","meta":{"_et_pb_use_builder":"on","_et_pb_old_content":"","_et_gb_content_width":"","footnotes":""},"class_list":["post-15","page","type-page","status-publish","hentry"],"_links":{"self":[{"href":"https:\/\/www.sniegucki.pl\/index.php\/wp-json\/wp\/v2\/pages\/15","targetHints":{"allow":["GET"]}}],"collection":[{"href":"https:\/\/www.sniegucki.pl\/index.php\/wp-json\/wp\/v2\/pages"}],"about":[{"href":"https:\/\/www.sniegucki.pl\/index.php\/wp-json\/wp\/v2\/types\/page"}],"author":[{"embeddable":true,"href":"https:\/\/www.sniegucki.pl\/index.php\/wp-json\/wp\/v2\/users\/1"}],"replies":[{"embeddable":true,"href":"https:\/\/www.sniegucki.pl\/index.php\/wp-json\/wp\/v2\/comments?post=15"}],"version-history":[{"count":16,"href":"https:\/\/www.sniegucki.pl\/index.php\/wp-json\/wp\/v2\/pages\/15\/revisions"}],"predecessor-version":[{"id":77,"href":"https:\/\/www.sniegucki.pl\/index.php\/wp-json\/wp\/v2\/pages\/15\/revisions\/77"}],"wp:attachment":[{"href":"https:\/\/www.sniegucki.pl\/index.php\/wp-json\/wp\/v2\/media?parent=15"}],"curies":[{"name":"wp","href":"https:\/\/api.w.org\/{rel}","templated":true}]}}